{"id":20,"date":"2024-05-06T09:48:29","date_gmt":"2024-05-06T09:48:29","guid":{"rendered":"https:\/\/hemisferioportugal.pt\/?page_id=20"},"modified":"2024-05-15T11:29:55","modified_gmt":"2024-05-15T11:29:55","slug":"pagina-em-construcao","status":"publish","type":"page","link":"https:\/\/hemisferioportugal.pt\/","title":{"rendered":""},"content":{"rendered":"\t\t<div data-elementor-type=\"wp-page\" data-elementor-id=\"20\" class=\"elementor elementor-20\">\n\t\t\t\t<div class=\"elementor-element elementor-element-80a2df8 e-flex e-con-boxed e-con e-parent\" data-id=\"80a2df8\" data-element_type=\"container\">\n\t\t\t\t\t<div class=\"e-con-inner\">\n\t\t\t\t<div class=\"elementor-element elementor-element-7e66f8b elementor-widget elementor-widget-image\" data-id=\"7e66f8b\" data-element_type=\"widget\" data-widget_type=\"image.default\">\n\t\t\t\t<div class=\"elementor-widget-container\">\n\t\t\t<style>\/*! elementor - v3.21.0 - 08-05-2024 *\/\n.elementor-widget-image{text-align:center}.elementor-widget-image a{display:inline-block}.elementor-widget-image a img[src$=\".svg\"]{width:48px}.elementor-widget-image img{vertical-align:middle;display:inline-block}<\/style>\t\t\t\t\t\t\t\t\t\t<img fetchpriority=\"high\" decoding=\"async\" width=\"1882\" height=\"1152\" src=\"https:\/\/hemisferioportugal.pt\/wp-content\/uploads\/2024\/05\/Copia-de-Sitio-Web-de-Portfolio-Marca-Agencia-en-Blanco-Morado-Amarillo-Estilo-Profesional-Moderno.png\" class=\"attachment-full size-full wp-image-35\" alt=\"\" srcset=\"https:\/\/hemisferioportugal.pt\/wp-content\/uploads\/2024\/05\/Copia-de-Sitio-Web-de-Portfolio-Marca-Agencia-en-Blanco-Morado-Amarillo-Estilo-Profesional-Moderno.png 1882w, https:\/\/hemisferioportugal.pt\/wp-content\/uploads\/2024\/05\/Copia-de-Sitio-Web-de-Portfolio-Marca-Agencia-en-Blanco-Morado-Amarillo-Estilo-Profesional-Moderno-300x184.png 300w, https:\/\/hemisferioportugal.pt\/wp-content\/uploads\/2024\/05\/Copia-de-Sitio-Web-de-Portfolio-Marca-Agencia-en-Blanco-Morado-Amarillo-Estilo-Profesional-Moderno-1024x627.png 1024w, https:\/\/hemisferioportugal.pt\/wp-content\/uploads\/2024\/05\/Copia-de-Sitio-Web-de-Portfolio-Marca-Agencia-en-Blanco-Morado-Amarillo-Estilo-Profesional-Moderno-768x470.png 768w, https:\/\/hemisferioportugal.pt\/wp-content\/uploads\/2024\/05\/Copia-de-Sitio-Web-de-Portfolio-Marca-Agencia-en-Blanco-Morado-Amarillo-Estilo-Profesional-Moderno-1536x940.png 1536w\" sizes=\"(max-width: 1882px) 100vw, 1882px\" \/>\t\t\t\t\t\t\t\t\t\t\t\t\t<\/div>\n\t\t\t\t<\/div>\n\t\t\t\t\t<\/div>\n\t\t\t\t<\/div>\n\t\t<div class=\"elementor-element elementor-element-ecb30fc e-flex e-con-boxed e-con e-parent\" data-id=\"ecb30fc\" data-element_type=\"container\">\n\t\t\t\t\t<div class=\"e-con-inner\">\n\t\t\t\t<div class=\"elementor-element elementor-element-c184cdf elementor-widget elementor-widget-spacer\" data-id=\"c184cdf\" data-element_type=\"widget\" data-widget_type=\"spacer.default\">\n\t\t\t\t<div class=\"elementor-widget-container\">\n\t\t\t<style>\/*! elementor - v3.21.0 - 08-05-2024 *\/\n.elementor-column .elementor-spacer-inner{height:var(--spacer-size)}.e-con{--container-widget-width:100%}.e-con-inner>.elementor-widget-spacer,.e-con>.elementor-widget-spacer{width:var(--container-widget-width,var(--spacer-size));--align-self:var(--container-widget-align-self,initial);--flex-shrink:0}.e-con-inner>.elementor-widget-spacer>.elementor-widget-container,.e-con>.elementor-widget-spacer>.elementor-widget-container{height:100%;width:100%}.e-con-inner>.elementor-widget-spacer>.elementor-widget-container>.elementor-spacer,.e-con>.elementor-widget-spacer>.elementor-widget-container>.elementor-spacer{height:100%}.e-con-inner>.elementor-widget-spacer>.elementor-widget-container>.elementor-spacer>.elementor-spacer-inner,.e-con>.elementor-widget-spacer>.elementor-widget-container>.elementor-spacer>.elementor-spacer-inner{height:var(--container-widget-height,var(--spacer-size))}.e-con-inner>.elementor-widget-spacer.elementor-widget-empty,.e-con>.elementor-widget-spacer.elementor-widget-empty{position:relative;min-height:22px;min-width:22px}.e-con-inner>.elementor-widget-spacer.elementor-widget-empty .elementor-widget-empty-icon,.e-con>.elementor-widget-spacer.elementor-widget-empty .elementor-widget-empty-icon{position:absolute;top:0;bottom:0;left:0;right:0;margin:auto;padding:0;width:22px;height:22px}<\/style>\t\t<div class=\"elementor-spacer\">\n\t\t\t<div class=\"elementor-spacer-inner\"><\/div>\n\t\t<\/div>\n\t\t\t\t<\/div>\n\t\t\t\t<\/div>\n\t\t\t\t\t<\/div>\n\t\t\t\t<\/div>\n\t\t<div class=\"elementor-element elementor-element-163131a e-flex e-con-boxed e-con e-parent\" data-id=\"163131a\" data-element_type=\"container\">\n\t\t\t\t\t<div class=\"e-con-inner\">\n\t\t\t\t<div class=\"elementor-element elementor-element-10b57db elementor-widget elementor-widget-image\" data-id=\"10b57db\" data-element_type=\"widget\" data-widget_type=\"image.default\">\n\t\t\t\t<div class=\"elementor-widget-container\">\n\t\t\t\t\t\t\t\t\t\t\t\t\t<img decoding=\"async\" width=\"800\" height=\"450\" src=\"https:\/\/hemisferioportugal.pt\/wp-content\/uploads\/2024\/05\/Copia-de-Sitio-Web-de-Portfolio-Marca-Agencia-en-Blanco-Morado-Amarillo-Estilo-Profesional-Moderno2-1024x576.png\" class=\"attachment-large size-large wp-image-36\" alt=\"\" srcset=\"https:\/\/hemisferioportugal.pt\/wp-content\/uploads\/2024\/05\/Copia-de-Sitio-Web-de-Portfolio-Marca-Agencia-en-Blanco-Morado-Amarillo-Estilo-Profesional-Moderno2-1024x576.png 1024w, https:\/\/hemisferioportugal.pt\/wp-content\/uploads\/2024\/05\/Copia-de-Sitio-Web-de-Portfolio-Marca-Agencia-en-Blanco-Morado-Amarillo-Estilo-Profesional-Moderno2-300x169.png 300w, https:\/\/hemisferioportugal.pt\/wp-content\/uploads\/2024\/05\/Copia-de-Sitio-Web-de-Portfolio-Marca-Agencia-en-Blanco-Morado-Amarillo-Estilo-Profesional-Moderno2-768x432.png 768w, https:\/\/hemisferioportugal.pt\/wp-content\/uploads\/2024\/05\/Copia-de-Sitio-Web-de-Portfolio-Marca-Agencia-en-Blanco-Morado-Amarillo-Estilo-Profesional-Moderno2.png 1366w\" sizes=\"(max-width: 800px) 100vw, 800px\" \/>\t\t\t\t\t\t\t\t\t\t\t\t\t<\/div>\n\t\t\t\t<\/div>\n\t\t\t\t\t<\/div>\n\t\t\t\t<\/div>\n\t\t<div class=\"elementor-element elementor-element-adaf926 e-flex e-con-boxed e-con e-parent\" data-id=\"adaf926\" data-element_type=\"container\">\n\t\t\t\t\t<div class=\"e-con-inner\">\n\t\t\t\t<div class=\"elementor-element elementor-element-134fb9a elementor-widget elementor-widget-spacer\" data-id=\"134fb9a\" data-element_type=\"widget\" data-widget_type=\"spacer.default\">\n\t\t\t\t<div class=\"elementor-widget-container\">\n\t\t\t\t\t<div class=\"elementor-spacer\">\n\t\t\t<div class=\"elementor-spacer-inner\"><\/div>\n\t\t<\/div>\n\t\t\t\t<\/div>\n\t\t\t\t<\/div>\n\t\t\t\t\t<\/div>\n\t\t\t\t<\/div>\n\t\t<div class=\"elementor-element elementor-element-f8f89d9 e-flex e-con-boxed e-con e-parent\" data-id=\"f8f89d9\" data-element_type=\"container\">\n\t\t\t\t\t<div class=\"e-con-inner\">\n\t\t\t\t<div class=\"elementor-element elementor-element-052e48e elementor-widget elementor-widget-image\" data-id=\"052e48e\" data-element_type=\"widget\" data-widget_type=\"image.default\">\n\t\t\t\t<div class=\"elementor-widget-container\">\n\t\t\t\t\t\t\t\t\t\t\t\t\t<img decoding=\"async\" width=\"2391\" height=\"1344\" src=\"https:\/\/hemisferioportugal.pt\/wp-content\/uploads\/2024\/05\/Copia-de-Sitio-Web-de-Portfolio-Marca-Agencia-en-Blanco-Morado-Amarillo-Estilo-Profesional-Moderno-3.png\" class=\"attachment-full size-full wp-image-37\" alt=\"\" srcset=\"https:\/\/hemisferioportugal.pt\/wp-content\/uploads\/2024\/05\/Copia-de-Sitio-Web-de-Portfolio-Marca-Agencia-en-Blanco-Morado-Amarillo-Estilo-Profesional-Moderno-3.png 2391w, https:\/\/hemisferioportugal.pt\/wp-content\/uploads\/2024\/05\/Copia-de-Sitio-Web-de-Portfolio-Marca-Agencia-en-Blanco-Morado-Amarillo-Estilo-Profesional-Moderno-3-300x169.png 300w, https:\/\/hemisferioportugal.pt\/wp-content\/uploads\/2024\/05\/Copia-de-Sitio-Web-de-Portfolio-Marca-Agencia-en-Blanco-Morado-Amarillo-Estilo-Profesional-Moderno-3-1024x576.png 1024w, https:\/\/hemisferioportugal.pt\/wp-content\/uploads\/2024\/05\/Copia-de-Sitio-Web-de-Portfolio-Marca-Agencia-en-Blanco-Morado-Amarillo-Estilo-Profesional-Moderno-3-768x432.png 768w, https:\/\/hemisferioportugal.pt\/wp-content\/uploads\/2024\/05\/Copia-de-Sitio-Web-de-Portfolio-Marca-Agencia-en-Blanco-Morado-Amarillo-Estilo-Profesional-Moderno-3-1536x863.png 1536w, https:\/\/hemisferioportugal.pt\/wp-content\/uploads\/2024\/05\/Copia-de-Sitio-Web-de-Portfolio-Marca-Agencia-en-Blanco-Morado-Amarillo-Estilo-Profesional-Moderno-3-2048x1151.png 2048w\" sizes=\"(max-width: 2391px) 100vw, 2391px\" \/>\t\t\t\t\t\t\t\t\t\t\t\t\t<\/div>\n\t\t\t\t<\/div>\n\t\t\t\t\t<\/div>\n\t\t\t\t<\/div>\n\t\t<div class=\"elementor-element elementor-element-fd44790 e-flex e-con-boxed e-con e-parent\" data-id=\"fd44790\" data-element_type=\"container\">\n\t\t\t\t\t<div class=\"e-con-inner\">\n\t\t\t\t<div class=\"elementor-element elementor-element-db36ea6 elementor-widget elementor-widget-spacer\" data-id=\"db36ea6\" data-element_type=\"widget\" data-widget_type=\"spacer.default\">\n\t\t\t\t<div class=\"elementor-widget-container\">\n\t\t\t\t\t<div class=\"elementor-spacer\">\n\t\t\t<div class=\"elementor-spacer-inner\"><\/div>\n\t\t<\/div>\n\t\t\t\t<\/div>\n\t\t\t\t<\/div>\n\t\t\t\t\t<\/div>\n\t\t\t\t<\/div>\n\t\t<div class=\"elementor-element elementor-element-bb68377 e-flex e-con-boxed e-con e-parent\" data-id=\"bb68377\" data-element_type=\"container\">\n\t\t\t\t\t<div class=\"e-con-inner\">\n\t\t\t\t<div class=\"elementor-element elementor-element-52c8c01 elementor-widget elementor-widget-heading\" data-id=\"52c8c01\" data-element_type=\"widget\" data-widget_type=\"heading.default\">\n\t\t\t\t<div class=\"elementor-widget-container\">\n\t\t\t<style>\/*! elementor - v3.21.0 - 08-05-2024 *\/\n.elementor-heading-title{padding:0;margin:0;line-height:1}.elementor-widget-heading .elementor-heading-title[class*=elementor-size-]>a{color:inherit;font-size:inherit;line-height:inherit}.elementor-widget-heading .elementor-heading-title.elementor-size-small{font-size:15px}.elementor-widget-heading .elementor-heading-title.elementor-size-medium{font-size:19px}.elementor-widget-heading .elementor-heading-title.elementor-size-large{font-size:29px}.elementor-widget-heading .elementor-heading-title.elementor-size-xl{font-size:39px}.elementor-widget-heading .elementor-heading-title.elementor-size-xxl{font-size:59px}<\/style><h2 class=\"elementor-heading-title elementor-size-default\">CONTATO<\/h2>\t\t<\/div>\n\t\t\t\t<\/div>\n\t\t\t\t\t<\/div>\n\t\t\t\t<\/div>\n\t\t<div class=\"elementor-element elementor-element-16d44be e-flex e-con-boxed e-con e-parent\" data-id=\"16d44be\" data-element_type=\"container\">\n\t\t\t\t\t<div class=\"e-con-inner\">\n\t\t<div class=\"elementor-element elementor-element-852aac3 e-con-full e-flex e-con e-child\" data-id=\"852aac3\" data-element_type=\"container\">\n\t\t\t\t<div class=\"elementor-element elementor-element-603d397 elementor-widget elementor-widget-text-editor\" data-id=\"603d397\" data-element_type=\"widget\" data-widget_type=\"text-editor.default\">\n\t\t\t\t<div class=\"elementor-widget-container\">\n\t\t\t<style>\/*! elementor - v3.21.0 - 08-05-2024 *\/\n.elementor-widget-text-editor.elementor-drop-cap-view-stacked .elementor-drop-cap{background-color:#69727d;color:#fff}.elementor-widget-text-editor.elementor-drop-cap-view-framed .elementor-drop-cap{color:#69727d;border:3px solid;background-color:transparent}.elementor-widget-text-editor:not(.elementor-drop-cap-view-default) .elementor-drop-cap{margin-top:8px}.elementor-widget-text-editor:not(.elementor-drop-cap-view-default) .elementor-drop-cap-letter{width:1em;height:1em}.elementor-widget-text-editor .elementor-drop-cap{float:left;text-align:center;line-height:1;font-size:50px}.elementor-widget-text-editor .elementor-drop-cap-letter{display:inline-block}<\/style>\t\t\t\t<p>N\u00daMERO FISCAL: 516845209<\/p>\n<p>DISTRITO DE PORTO, PORTUGAL<\/p>\n<p>contabilidade@hemisferioportugal.pt<\/p>\t\t\t\t\t\t<\/div>\n\t\t\t\t<\/div>\n\t\t\t\t<\/div>\n\t\t<div class=\"elementor-element elementor-element-15db5f0 e-con-full e-flex e-con e-child\" data-id=\"15db5f0\" data-element_type=\"container\">\n\t\t\t\t<div class=\"elementor-element elementor-element-8714425 elementor-widget elementor-widget-image\" data-id=\"8714425\" data-element_type=\"widget\" data-widget_type=\"image.default\">\n\t\t\t\t<div class=\"elementor-widget-container\">\n\t\t\t\t\t\t\t\t\t\t\t\t\t<img decoding=\"async\" src=\"https:\/\/hemisferioportugal.pt\/wp-content\/uploads\/2024\/05\/LOGO-HEMISFERIO-DACAFRAO-1-e1715772488198.png\" title=\"LOGO HEMISF\u00c9RIO D&#8217;A\u00c7AFR\u00c3O\" alt=\"LOGO HEMISF\u00c9RIO D&#039;A\u00c7AFR\u00c3O\" loading=\"lazy\" \/>\t\t\t\t\t\t\t\t\t\t\t\t\t<\/div>\n\t\t\t\t<\/div>\n\t\t\t\t<\/div>\n\t\t\t\t\t<\/div>\n\t\t\t\t<\/div>\n\t\t<div class=\"elementor-element elementor-element-f05a67b e-flex e-con-boxed e-con e-parent\" data-id=\"f05a67b\" data-element_type=\"container\">\n\t\t\t\t\t<div class=\"e-con-inner\">\n\t\t\t\t<div class=\"elementor-element elementor-element-a61e242 elementor-widget elementor-widget-spacer\" data-id=\"a61e242\" data-element_type=\"widget\" data-widget_type=\"spacer.default\">\n\t\t\t\t<div class=\"elementor-widget-container\">\n\t\t\t\t\t<div class=\"elementor-spacer\">\n\t\t\t<div class=\"elementor-spacer-inner\"><\/div>\n\t\t<\/div>\n\t\t\t\t<\/div>\n\t\t\t\t<\/div>\n\t\t\t\t\t<\/div>\n\t\t\t\t<\/div>\n\t\t\t\t<\/div>\n\t\t","protected":false},"excerpt":{"rendered":"<p>CONTATO N\u00daMERO FISCAL: 516845209 DISTRITO DE PORTO, PORTUGAL contabilidade@hemisferioportugal.pt<\/p>\n","protected":false},"author":1,"featured_media":0,"parent":0,"menu_order":0,"comment_status":"closed","ping_status":"closed","template":"","meta":{"footnotes":""},"class_list":["post-20","page","type-page","status-publish","hentry"],"_links":{"self":[{"href":"https:\/\/hemisferioportugal.pt\/index.php?rest_route=\/wp\/v2\/pages\/20","targetHints":{"allow":["GET"]}}],"collection":[{"href":"https:\/\/hemisferioportugal.pt\/index.php?rest_route=\/wp\/v2\/pages"}],"about":[{"href":"https:\/\/hemisferioportugal.pt\/index.php?rest_route=\/wp\/v2\/types\/page"}],"author":[{"embeddable":true,"href":"https:\/\/hemisferioportugal.pt\/index.php?rest_route=\/wp\/v2\/users\/1"}],"replies":[{"embeddable":true,"href":"https:\/\/hemisferioportugal.pt\/index.php?rest_route=%2Fwp%2Fv2%2Fcomments&post=20"}],"version-history":[{"count":17,"href":"https:\/\/hemisferioportugal.pt\/index.php?rest_route=\/wp\/v2\/pages\/20\/revisions"}],"predecessor-version":[{"id":60,"href":"https:\/\/hemisferioportugal.pt\/index.php?rest_route=\/wp\/v2\/pages\/20\/revisions\/60"}],"wp:attachment":[{"href":"https:\/\/hemisferioportugal.pt\/index.php?rest_route=%2Fwp%2Fv2%2Fmedia&parent=20"}],"curies":[{"name":"wp","href":"https:\/\/api.w.org\/{rel}","templated":true}]}}